{"id":6254,"date":"2018-12-28T14:43:13","date_gmt":"2018-12-28T14:43:13","guid":{"rendered":"https:\/\/arabesque.mikado-themes.com\/?page_id=6254"},"modified":"2023-12-13T23:05:50","modified_gmt":"2023-12-13T23:05:50","slug":"academia","status":"publish","type":"page","link":"https:\/\/estudiosilviacaputo.com\/index.php\/academia\/","title":{"rendered":"ACADEMIA"},"content":{"rendered":"<p>[vc_row row_content_width=&#8221;grid&#8221; css=&#8221;.vc_custom_1548417222032{padding-top: 150px !important;padding-bottom: 150px !important;}&#8221;][vc_column]<div class=\"mkdf-elements-holder   mkdf-two-columns  mkdf-responsive-mode-1024 \" ><div class=\"mkdf-eh-item     \"  data-item-class=\"mkdf-eh-custom-9980\" data-768-1024=\"0 0 50px\" data-680-768=\"0 0 50px\" data-680=\"0 0 50px\">\n\t<div class=\"mkdf-eh-item-inner\">\n\t\t<div class=\"mkdf-eh-item-content mkdf-eh-custom-9980\" style=\"padding: 0 15px 0 0\">\n\t\t\t[vc_single_image image=&#8221;9275&#8243; img_size=&#8221;full&#8221;]\t\t<\/div>\n\t<\/div>\n<\/div><div class=\"mkdf-eh-item     \"  data-item-class=\"mkdf-eh-custom-1079\" data-768-1024=\"0 0 50px\" data-680-768=\"0 0 50px\" data-680=\"0 0 50px\">\n\t<div class=\"mkdf-eh-item-inner\">\n\t\t<div class=\"mkdf-eh-item-content mkdf-eh-custom-1079\" style=\"padding: 0 0 0 15px\">\n\t\t\t<div class=\"mkdf-accordion-holder mkdf-ac-default  mkdf-accordion mkdf-ac-boxed  clearfix\">\n\t<h6 class=\"mkdf-accordion-title\">\n    <span class=\"mkdf-accordion-mark\">\n\t\t<span class=\"mkdf_icon_plus\"><\/span>\n\t\t<span class=\"mkdf_icon_minus\"><\/span>\n\t<\/span>\n\t<span class=\"mkdf-tab-title\">PREPARACI\u00d3N<\/span>\n<\/h6>\n<div class=\"mkdf-accordion-content\">\n\t<div class=\"mkdf-accordion-content-inner\">\n\t\t[vc_column_text]<\/p>\n<ul>\n<li>Examen anual del Profesorado Superior de Danza Cl\u00e1sica avalado por el Conservatorio Fracassi.<\/li>\n<\/ul>\n<p>[\/vc_column_text][vc_column_text]<\/p>\n<ul>\n<li>Preparaci\u00f3n para ingresos a Escuelas Nacionales de Danza.<\/li>\n<\/ul>\n<p>[\/vc_column_text][vc_column_text]<\/p>\n<ul>\n<li>Clases individuales personalizadas adaptadas a la necesidad del alumno.<\/li>\n<\/ul>\n<p>[\/vc_column_text]\t<\/div>\n<\/div><h6 class=\"mkdf-accordion-title\">\n    <span class=\"mkdf-accordion-mark\">\n\t\t<span class=\"mkdf_icon_plus\"><\/span>\n\t\t<span class=\"mkdf_icon_minus\"><\/span>\n\t<\/span>\n\t<span class=\"mkdf-tab-title\">DANZA CL\u00c1SICA<\/span>\n<\/h6>\n<div class=\"mkdf-accordion-content\">\n\t<div class=\"mkdf-accordion-content-inner\">\n\t\t[vc_column_text]<\/p>\n<ul>\n<li>Clases de Danza Cl\u00e1sica a partir de los 3 a\u00f1os de edad: grupos divididos por edades y niveles de aprendizaje.<\/li>\n<\/ul>\n<p>[\/vc_column_text]\t<\/div>\n<\/div><h6 class=\"mkdf-accordion-title\">\n    <span class=\"mkdf-accordion-mark\">\n\t\t<span class=\"mkdf_icon_plus\"><\/span>\n\t\t<span class=\"mkdf_icon_minus\"><\/span>\n\t<\/span>\n\t<span class=\"mkdf-tab-title\">MASTER CLASS<\/span>\n<\/h6>\n<div class=\"mkdf-accordion-content\">\n\t<div class=\"mkdf-accordion-content-inner\">\n\t\t[vc_column_text]<\/p>\n<ul>\n<li>Master Class dictadas por bailarines profesionales y\/o maestros reconocidos en la disciplina.<\/li>\n<\/ul>\n<p>[\/vc_column_text]\t<\/div>\n<\/div><h6 class=\"mkdf-accordion-title\">\n    <span class=\"mkdf-accordion-mark\">\n\t\t<span class=\"mkdf_icon_plus\"><\/span>\n\t\t<span class=\"mkdf_icon_minus\"><\/span>\n\t<\/span>\n\t<span class=\"mkdf-tab-title\">PRESENTACIONES<\/span>\n<\/h6>\n<div class=\"mkdf-accordion-content\">\n\t<div class=\"mkdf-accordion-content-inner\">\n\t\t[vc_column_text]<\/p>\n<ul>\n<li>Presentaci\u00f3n de Danza durante el a\u00f1o en la ciudad de Luj\u00e1n y localidades aleda\u00f1as.<\/li>\n<\/ul>\n<p>[\/vc_column_text][vc_column_text]<\/p>\n<ul>\n<li>Gran Espect\u00e1culo de cierre de curso en el Teatro Trinidad Guevara.<\/li>\n<\/ul>\n<p>[\/vc_column_text]\t<\/div>\n<\/div><\/div>\t\t<\/div>\n\t<\/div>\n<\/div><\/div>[\/vc_column][\/vc_row][vc_row][vc_column]<div class=\"mkdf-section-title-holder   \" style=\"text-align: center\">\n\t<div class=\"mkdf-st-inner\">\n                                    <h2 class=\"mkdf-st-title\" >\n                    MAESTRA SILVIA CAPUTO                <\/h2>\n                                \t<\/div>\n<\/div>[vc_row_inner][vc_column_inner width=&#8221;1\/12&#8243;][\/vc_column_inner][vc_column_inner width=&#8221;5\/12&#8243;][vc_images_carousel images=&#8221;9278,9277&#8243; img_size=&#8221;large&#8221; speed=&#8221;2000&#8243; autoplay=&#8221;yes&#8221;][\/vc_column_inner][vc_column_inner width=&#8221;5\/12&#8243;][vc_column_text css_animation=&#8221;fadeIn&#8221;]<\/p>\n<h3 style=\"padding-left: 40px;\"><span style=\"color: #ff99cc;\"><strong>Servicios<\/strong><\/span><\/h3>\n<h5 style=\"padding-left: 40px;\"><strong>\ud83e\ude70 Estudio de Danza Silvia Caputo<\/strong><\/h5>\n<h5 style=\"padding-left: 40px;\"><strong>\ud83e\ude70 Estudio de danza<\/strong><\/h5>\n<h5 style=\"padding-left: 40px;\"><strong>\ud83e\ude70 Danza Cl\u00e1sica a partir de 3 a\u00f1os de edad: grupos divididos por edades y niveles de aprendizaje<\/strong><\/h5>\n<h5 style=\"padding-left: 40px;\"><strong>\ud83e\ude70 Ex\u00e1menes anuales para el Profesorado Superior de Danza Cl\u00e1sica<\/strong><\/h5>\n<h5 style=\"padding-left: 40px;\"><strong>\ud83e\ude70 Profesorado Superior de Danza Cl\u00e1sica<\/strong><\/h5>\n<h5 style=\"padding-left: 40px;\"><strong>\ud83e\ude70 Direcci\u00f3n: Francia 1152, Luj\u00e1n, Buenos Aires, Argentina.<\/strong><\/h5>\n<p style=\"text-align: center;\"><span style=\"color: #ff99cc;\"><strong>Cupos limitados&#8230; \u00a1Ven\u00ed a probar una clase!<\/strong><\/span><\/p>\n<p>[\/vc_column_text][vc_cta h2=&#8221;&#8221; shape=&#8221;round&#8221; color=&#8221;purple&#8221; add_icon=&#8221;top&#8221; i_color=&#8221;purple&#8221; i_size=&#8221;xs&#8221;]<\/p>\n<h5><span style=\"color: #808080;\"><strong>Visita nuestras redes sociales<\/strong><\/span><\/h5>\n<p><a href=\"http:\/\/linktr.ee\/estudiosilviacaputo\">linktr.ee\/estudiosilviacaputo<\/a>[\/vc_cta][\/vc_column_inner][\/vc_row_inner][\/vc_column][\/vc_row]<\/p>\n","protected":false},"excerpt":{"rendered":"<p>[vc_row row_content_width=&#8221;grid&#8221; css=&#8221;.vc_custom_1548417222032{padding-top: 150px !important;padding-bottom: 150px !important;}&#8221;][vc_column][\/vc_column][\/vc_row][vc_row][vc_column][vc_row_inner][vc_column_inner width=&#8221;1\/12&#8243;][\/vc_column_inner][vc_column_inner width=&#8221;5\/12&#8243;][vc_images_carousel images=&#8221;9278,9277&#8243; img_size=&#8221;large&#8221; speed=&#8221;2000&#8243; autoplay=&#8221;yes&#8221;][\/vc_column_inner][vc_column_inner width=&#8221;5\/12&#8243;][vc_column_text css_animation=&#8221;fadeIn&#8221;] Servicios \ud83e\ude70 Estudio de Danza Silvia Caputo \ud83e\ude70 Estudio de danza \ud83e\ude70 Danza Cl\u00e1sica a partir de 3 a\u00f1os de edad: grupos divididos por edades [&hellip;]<\/p>\n","protected":false},"author":1,"featured_media":0,"parent":0,"menu_order":0,"comment_status":"closed","ping_status":"closed","template":"full-width.php","meta":[],"_links":{"self":[{"href":"https:\/\/estudiosilviacaputo.com\/index.php\/wp-json\/wp\/v2\/pages\/6254"}],"collection":[{"href":"https:\/\/estudiosilviacaputo.com\/index.php\/wp-json\/wp\/v2\/pages"}],"about":[{"href":"https:\/\/estudiosilviacaputo.com\/index.php\/wp-json\/wp\/v2\/types\/page"}],"author":[{"embeddable":true,"href":"https:\/\/estudiosilviacaputo.com\/index.php\/wp-json\/wp\/v2\/users\/1"}],"replies":[{"embeddable":true,"href":"https:\/\/estudiosilviacaputo.com\/index.php\/wp-json\/wp\/v2\/comments?post=6254"}],"version-history":[{"count":44,"href":"https:\/\/estudiosilviacaputo.com\/index.php\/wp-json\/wp\/v2\/pages\/6254\/revisions"}],"predecessor-version":[{"id":9631,"href":"https:\/\/estudiosilviacaputo.com\/index.php\/wp-json\/wp\/v2\/pages\/6254\/revisions\/9631"}],"wp:attachment":[{"href":"https:\/\/estudiosilviacaputo.com\/index.php\/wp-json\/wp\/v2\/media?parent=6254"}],"curies":[{"name":"wp","href":"https:\/\/api.w.org\/{rel}","templated":true}]}}