{"id":5677,"date":"2018-12-25T14:59:47","date_gmt":"2018-12-25T14:59:47","guid":{"rendered":"https:\/\/arabesque.mikado-themes.com\/?page_id=5677"},"modified":"2023-12-13T06:07:38","modified_gmt":"2023-12-13T06:07:38","slug":"instalaciones","status":"publish","type":"page","link":"https:\/\/estudiosilviacaputo.com\/index.php\/instalaciones\/","title":{"rendered":"instalaciones"},"content":{"rendered":"\t\t<div data-elementor-type=\"wp-page\" data-elementor-id=\"5677\" class=\"elementor elementor-5677\">\n\t\t\t\t\t\t\t\t\t<section class=\"elementor-section elementor-top-section elementor-element elementor-element-59c3943 elementor-section-boxed elementor-section-height-default elementor-section-height-default\" data-id=\"59c3943\" data-element_type=\"section\">\n\t\t\t\t\t\t<div class=\"elementor-container elementor-column-gap-default\">\n\t\t\t\t\t<div class=\"elementor-column elementor-col-100 elementor-top-column elementor-element elementor-element-160d39e7\" data-id=\"160d39e7\" data-element_type=\"column\">\n\t\t\t<div class=\"elementor-widget-wrap elementor-element-populated\">\n\t\t\t\t\t\t\t\t<div class=\"elementor-element elementor-element-70d81d68 elementor-widget elementor-widget-text-editor\" data-id=\"70d81d68\" data-element_type=\"widget\" data-widget_type=\"text-editor.default\">\n\t\t\t\t<div class=\"elementor-widget-container\">\n\t\t\t<style>\/*! elementor - v3.12.0 - 29-03-2023 *\/\n.elementor-widget-text-editor.elementor-drop-cap-view-stacked .elementor-drop-cap{background-color:#69727d;color:#fff}.elementor-widget-text-editor.elementor-drop-cap-view-framed .elementor-drop-cap{color:#69727d;border:3px solid;background-color:transparent}.elementor-widget-text-editor:not(.elementor-drop-cap-view-default) .elementor-drop-cap{margin-top:8px}.elementor-widget-text-editor:not(.elementor-drop-cap-view-default) .elementor-drop-cap-letter{width:1em;height:1em}.elementor-widget-text-editor .elementor-drop-cap{float:left;text-align:center;line-height:1;font-size:50px}.elementor-widget-text-editor .elementor-drop-cap-letter{display:inline-block}<\/style>\t\t\t\t<p>[vc_row gap=&#8221;30&#8243; content_placement=&#8221;top&#8221; row_content_width=&#8221;grid&#8221; css=&#8221;.vc_custom_1546530657430{padding-top: 144px !important;padding-bottom: 94px !important;}&#8221;][vc_column offset=&#8221;vc_col-lg-6 vc_col-md-12&#8243;]<div class=\"mkdf-video-button-holder  mkdf-vb-has-img\">\n\t<div class=\"mkdf-video-button-image\">\n\t\t<img width=\"607\" height=\"931\" src=\"https:\/\/estudiosilviacaputo.com\/wp-content\/uploads\/2023\/06\/video_portada.png\" class=\"attachment-full size-full\" alt=\"Intro\" decoding=\"async\" loading=\"lazy\" srcset=\"https:\/\/estudiosilviacaputo.com\/wp-content\/uploads\/2023\/06\/video_portada.png 607w, https:\/\/estudiosilviacaputo.com\/wp-content\/uploads\/2023\/06\/video_portada-196x300.png 196w\" sizes=\"(max-width: 607px) 100vw, 607px\" \/>\t<\/div>\n\t\t\t<a class=\"mkdf-video-button-play\" style=\"font-size: 96px\" href=\"https:\/\/www.youtube.com\/watch?v=OEu3OhBJYQc&#038;t=1s\" target=\"_self\" data-rel=\"prettyPhoto[video_button_pretty_photo_107]\">\n\t\t\t<span class=\"mkdf-video-button-play-inner\">\n\t\t\t\t<span class=\"ion-android-arrow-dropright-circle\"><\/span>\n\t\t\t<\/span>\n\t\t<\/a>\n\t<\/div>[vc_empty_space height=&#8221;50px&#8221;][\/vc_column][vc_column offset=&#8221;vc_col-lg-6 vc_col-md-12&#8243;]<div class=\"mkdf-section-title-holder   mkdf-st-reverse-order\" >\n\t<div class=\"mkdf-st-inner\">\n                                    <span class=\"mkdf-st-text\" >\n                Conoc\u00e9                <\/span>\n                                        <h2 class=\"mkdf-st-title\" >\n                Nuestras Instalaciones                <\/h2>\n                    \t<\/div>\n<\/div><div class=\"mkdf-separator-holder clearfix  mkdf-separator-left  mkdf-separator-animation-yes\" style=\"margin-top: 30px;margin-bottom: 30px\">\n\t    <div data-width=\"140px\" class=\"mkdf-separator\" style=\"border-color: #000000;width: 140px;border-bottom-width: 1px\"><\/div>\n\t<\/div>\n[vc_column_text css_animation=&#8221;fadeIn&#8221;]Apertura del nuevo Estudio de Danza Silvia Caputo. Desde el 6 de Marzo de 2023 estamos brindando clases de danza cl\u00e1sica, s\u00famate a esta nueva experiencia. Sentite a gusto con vos y el arte de bailar aqu\u00ed, no limites tus capacidades y pasiones.<\/p><p>\u00a0<\/p><p><strong>Instalaciones<\/strong><\/p><p>El Estudio de Danza Silvia Caputo cuenta con un sal\u00f3n exclusivo acondicionado con:<\/p><ul><li>Piso de madera con c\u00e1mara de aire<\/li><li>Barras de madera doble altura<\/li><li>Ambientes climatizados<\/li><li>Espejos<\/li><li>Vestuario con ba\u00f1os<\/li><li>Recepci\u00f3n con sala de estar<\/li><li>Wifi &#8211; fibra \u00f3ptica<\/li><li>Asistencia\u00a0m\u00e9dica<\/li><\/ul><p>[\/vc_column_text][vc_empty_space height=&#8221;23px&#8221; el_id=&#8221;adasaa&#8221;][\/vc_column][\/vc_row][vc_row content_text_aligment=&#8221;center&#8221;][vc_column css_animation=&#8221;bounceIn&#8221;][vc_images_carousel images=&#8221;9256,9260,9257,9258,9259&#8243; img_size=&#8221;full&#8221; speed=&#8221;3000&#8243; autoplay=&#8221;yes&#8221; css_animation=&#8221;fadeIn&#8221; title=&#8221;Estudio de Danza&#8221;][\/vc_column][\/vc_row]<\/p>\t\t\t\t\t\t<\/div>\n\t\t\t\t<\/div>\n\t\t\t\t\t<\/div>\n\t\t<\/div>\n\t\t\t\t\t\t\t<\/div>\n\t\t<\/section>\n\t\t\t\t\t\t\t<\/div>\n\t\t","protected":false},"excerpt":{"rendered":"<p>[vc_row gap=&#8221;30&#8243; content_placement=&#8221;top&#8221; row_content_width=&#8221;grid&#8221; css=&#8221;.vc_custom_1546530657430{padding-top: 144px !important;padding-bottom: 94px !important;}&#8221;][vc_column offset=&#8221;vc_col-lg-6 vc_col-md-12&#8243;][vc_empty_space height=&#8221;50px&#8221;][\/vc_column][vc_column offset=&#8221;vc_col-lg-6 vc_col-md-12&#8243;][vc_column_text css_animation=&#8221;fadeIn&#8221;]Apertura del nuevo Estudio de Danza Silvia Caputo. Desde el 6 de Marzo de 2023 estamos brindando clases de danza cl\u00e1sica, s\u00famate a esta nueva experiencia. [&hellip;]<\/p>\n","protected":false},"author":1,"featured_media":0,"parent":0,"menu_order":0,"comment_status":"closed","ping_status":"closed","template":"","meta":[],"_links":{"self":[{"href":"https:\/\/estudiosilviacaputo.com\/index.php\/wp-json\/wp\/v2\/pages\/5677"}],"collection":[{"href":"https:\/\/estudiosilviacaputo.com\/index.php\/wp-json\/wp\/v2\/pages"}],"about":[{"href":"https:\/\/estudiosilviacaputo.com\/index.php\/wp-json\/wp\/v2\/types\/page"}],"author":[{"embeddable":true,"href":"https:\/\/estudiosilviacaputo.com\/index.php\/wp-json\/wp\/v2\/users\/1"}],"replies":[{"embeddable":true,"href":"https:\/\/estudiosilviacaputo.com\/index.php\/wp-json\/wp\/v2\/comments?post=5677"}],"version-history":[{"count":38,"href":"https:\/\/estudiosilviacaputo.com\/index.php\/wp-json\/wp\/v2\/pages\/5677\/revisions"}],"predecessor-version":[{"id":9549,"href":"https:\/\/estudiosilviacaputo.com\/index.php\/wp-json\/wp\/v2\/pages\/5677\/revisions\/9549"}],"wp:attachment":[{"href":"https:\/\/estudiosilviacaputo.com\/index.php\/wp-json\/wp\/v2\/media?parent=5677"}],"curies":[{"name":"wp","href":"https:\/\/api.w.org\/{rel}","templated":true}]}}