{"id":5031,"date":"2018-12-19T09:36:53","date_gmt":"2018-12-19T09:36:53","guid":{"rendered":"https:\/\/arabesque.mikado-themes.com\/?page_id=5031"},"modified":"2023-12-13T15:10:26","modified_gmt":"2023-12-13T15:10:26","slug":"elements","status":"publish","type":"page","link":"https:\/\/estudiosilviacaputo.com\/index.php\/elements\/","title":{"rendered":"Eventos"},"content":{"rendered":"<p>[vc_row row_content_width=&#8221;grid&#8221; row_btt_skin=&#8221;light&#8221; parallax_background_image=&#8221;9597&#8243; parallax_bg_speed=&#8221;.2&#8243;][vc_column][vc_column_text]<\/p>\r\n<figure class=\"wp-block-image aligncenter size-medium is-resized\"><img decoding=\"async\" loading=\"lazy\" class=\"wp-image-9560\" src=\"https:\/\/estudiosilviacaputo.com\/wp-content\/uploads\/2023\/12\/LOGO_ESTUDIO_SILVA_CAPUTO_new-300x300.png\" alt=\"\" width=\"238\" height=\"238\" srcset=\"https:\/\/estudiosilviacaputo.com\/wp-content\/uploads\/2023\/12\/LOGO_ESTUDIO_SILVA_CAPUTO_new-300x300.png 300w, https:\/\/estudiosilviacaputo.com\/wp-content\/uploads\/2023\/12\/LOGO_ESTUDIO_SILVA_CAPUTO_new-150x150.png 150w, https:\/\/estudiosilviacaputo.com\/wp-content\/uploads\/2023\/12\/LOGO_ESTUDIO_SILVA_CAPUTO_new.png 500w\" sizes=\"(max-width: 238px) 100vw, 238px\" \/><\/figure>\r\n<p>\u00a0<\/p>\r\n\r\n<p class=\"has-small-font-size\"><\/p>\r\n<div class=\"wp-block-image\">\r\n<figure class=\"aligncenter size-full is-resized\"><img decoding=\"async\" loading=\"lazy\" class=\"wp-image-9573\" src=\"https:\/\/estudiosilviacaputo.com\/wp-content\/uploads\/2023\/12\/evento_fusion_corto.jpg\" alt=\"\" width=\"591\" height=\"886\" srcset=\"https:\/\/estudiosilviacaputo.com\/wp-content\/uploads\/2023\/12\/evento_fusion_corto.jpg 400w, https:\/\/estudiosilviacaputo.com\/wp-content\/uploads\/2023\/12\/evento_fusion_corto-200x300.jpg 200w\" sizes=\"(max-width: 591px) 100vw, 591px\" \/><\/figure><\/div>\u00a0<\/p>\r\n<p>Las alumnas del Estudio representan piezas musicales tradicionales de ballets donde se destaca la <strong>t\u00e9cnica cl\u00e1sica<\/strong> como una disciplina bien definida y figurativa. Asimismo, m\u00e1s de 60 artistas en escena, bailan diversas coreograf\u00edas fusionando variados estilos musicales con la danza cl\u00e1sica.<\/p>\r\n<p>La direcci\u00f3n general del espect\u00e1culo se encuentra a cargo de <strong>Silvia Caputo<\/strong>, Profesora y Directora del Estudio de Danza situado en la ciudad de Luj\u00e1n.<\/p>\r\n<p>\u00a0<\/p>\r\n<p><!-- \/wp:paragraph -->\u00a0<\/p>\r\n<!-- wp:paragraph {\"align\":\"center\",\"textColor\":\"pale-pink\",\"fontSize\":\"medium\"} -->\r\n<p class=\"has-text-align-center has-pale-pink-color has-text-color has-medium-font-size\"><strong>PRIMERA PARTE<\/strong><\/p>\r\n<p><!-- \/wp:paragraph -->\u00a0<\/p>\r\n<!-- wp:list {\"ordered\":true} -->\r\n<ol>\r\n<li style=\"list-style-type: none;\">\r\n<ol><!-- wp:list-item --><\/ol>\r\n<\/li>\r\n<\/ol>\r\n<p style=\"padding-left: 40px;\"><strong>1. <\/strong><strong>BRILLOS INFINITOS (vals brillante)<\/strong><\/p>\r\n<ul>\r\n<li style=\"list-style-type: none;\">\r\n<ul>\r\n<li style=\"list-style-type: none;\">\r\n<ul>\r\n<li>M\u00fasica: Waltz No. 1 E &#8211; Flat Major, Op.18, Fr\u00e9d\u00e9ric Chopin.<\/li>\r\n<li>Coreograf\u00eda: Silvia Caputo.<\/li>\r\n<li>Int\u00e9rpretes: alumnas de los grupos cl\u00e1sico adolescente intermedio y cl\u00e1sico adulto intermedio &#8211; avanzado.<\/li>\r\n<li>Delfina Veltri, Manuela Porta, Britany Cabrera, Delfina Fabbi, Josefina Toledo, Pilar Adorno, Catalina Bach, Tiziana Burone, Morena Barrag\u00e1n Fusero, Emiliana Villanueva, Amy Nu\u00f1ez Kehler, Melina Casero, Valentina Cosmelli, Emma Bugari, Alma De La O y Micaela Artero.<\/li>\r\n<\/ul>\r\n<\/li>\r\n<\/ul>\r\n<\/li>\r\n<\/ul>\r\n<p>&nbsp;<\/p>\r\n<p style=\"padding-left: 40px;\"><strong>2. BIENVENIDOS AL CIRCO (marcha)<\/strong><\/p>\r\n<ul>\r\n<li style=\"list-style-type: none;\">\r\n<ul>\r\n<li style=\"list-style-type: none;\">\r\n<ul>\r\n<li>M\u00fasica: Entry of the Gladiators, Julius Fucik.<\/li>\r\n<li>Coreograf\u00eda: Silvia Caputo.<\/li>\r\n<li>Int\u00e9rpretes: alumnas del grupo cl\u00e1sico iniciaci\u00f3n.<\/li>\r\n<li>Natalie Chambi, Hebe Luna, Catalina Martini, Emilia Luque, Isabella Ofenbach, Aimara Orozco, Isabella Torres y Xiomara Videla.<\/li>\r\n<\/ul>\r\n<\/li>\r\n<\/ul>\r\n<\/li>\r\n<\/ul>\r\n<p>&nbsp;<\/p>\r\n<p style=\"padding-left: 40px;\"><strong>3. JUGANDO EN LA PRADERA (polka)<\/strong><\/p>\r\n<ul>\r\n<li style=\"list-style-type: none;\">\r\n<ul>\r\n<li style=\"list-style-type: none;\">\r\n<ul>\r\n<li>M\u00fasica: Moulinet &#8211; Polka Fran\u00e7aise Op. 57, Josef Strauss.<\/li>\r\n<li>Coreograf\u00eda: Silvia Caputo.<\/li>\r\n<li>Int\u00e9rpretes: alumnas del grupo cl\u00e1sico infantil.<\/li>\r\n<li>Martina Bugianesi, Luna Teijeiro Ju\u00e1rez, Amparo Basso, Vera Paez, Isabella \u00c1lvarez, Juana Correa, Luz Mazzuchini, Juana Cofr\u00e9, In\u00e9s Correa, Sol Leonetti, Emma Canoves, M\u00e1xima Aguil\u00f3, Malena Almaraz y Julia Bidera.<\/li>\r\n<\/ul>\r\n<\/li>\r\n<\/ul>\r\n<\/li>\r\n<\/ul>\r\n<p>&nbsp;<\/p>\r\n<p style=\"padding-left: 40px;\"><strong>4. FANTAS\u00cdA<\/strong><\/p>\r\n<ul>\r\n<li style=\"list-style-type: none;\">\r\n<ul>\r\n<li style=\"list-style-type: none;\">\r\n<ul>\r\n<li>M\u00fasica: Fragmento Rahpsody in Blue, George Gershwin.<\/li>\r\n<li>Coreograf\u00eda: Claudia Calvo y Silvia Caputo.<\/li>\r\n<li>Int\u00e9rprete: Silvia Caputo.<\/li>\r\n<\/ul>\r\n<\/li>\r\n<\/ul>\r\n<\/li>\r\n<\/ul>\r\n<p>&nbsp;<\/p>\r\n<p style=\"padding-left: 40px;\"><strong>5. ALEGRES DESTELLOS (mazurka)<\/strong><\/p>\r\n<ul>\r\n<li style=\"list-style-type: none;\">\r\n<ul>\r\n<li style=\"list-style-type: none;\">\r\n<ul>\r\n<li>M\u00fasica: Copp\u00e9lia &#8211; Tableau 1 No. 3 Mazurka, L\u00e8o Delibes.<\/li>\r\n<li>Coreograf\u00eda: Silvia Caputo.<\/li>\r\n<li>Int\u00e9rpretes: alumnas del grupo cl\u00e1sico adolescente intermedio.<\/li>\r\n<li>Delfina Veltri, Manuela Porta, Britany Cabrera, Delfina Fabbi, Josefina Toledo, Catalina Bach y Tiziana Burone.<\/li>\r\n<\/ul>\r\n<\/li>\r\n<\/ul>\r\n<\/li>\r\n<\/ul>\r\n<p>&nbsp;<\/p>\r\n<p style=\"padding-left: 40px;\"><strong>6. LAZOS SUBLIMES<\/strong><\/p>\r\n<ul>\r\n<li style=\"list-style-type: none;\">\r\n<ul>\r\n<li style=\"list-style-type: none;\">\r\n<ul>\r\n<li>M\u00fasica: Ankle scarf dance and coda de La Bayadere, Ludwig Minkus.<\/li>\r\n<li>Coreograf\u00eda: Silvia Caputo.<\/li>\r\n<li>Int\u00e9rpretes: alumnas del grupo cl\u00e1sico iniciaci\u00f3n.<\/li>\r\n<li>Morena Barrag\u00e1n Fusero, Emiliana Villanueva, Amy Nu\u00f1ez Kehler, Melina Casero, Valentina Cosmelli, Emma Bugari, Alma De La O y Micaela Artero.<\/li>\r\n<\/ul>\r\n<\/li>\r\n<\/ul>\r\n<\/li>\r\n<\/ul>\r\n<p>&nbsp;<\/p>\r\n<p style=\"padding-left: 40px;\"><strong>7. IM\u00c1GENES<\/strong><\/p>\r\n<ul>\r\n<li style=\"list-style-type: none;\">\r\n<ul>\r\n<li style=\"list-style-type: none;\">\r\n<ul>\r\n<li>M\u00fasica: Sonata No. 12 in E Minor Op. 3.<\/li>\r\n<li>Coreograf\u00eda: Enrique Guti\u00e9rrez.<\/li>\r\n<li>Int\u00e9rprete: Claudia Calvo (bailarina invitada).<\/li>\r\n<\/ul>\r\n<\/li>\r\n<\/ul>\r\n<\/li>\r\n<\/ul>\r\n<p>&nbsp;<\/p>\r\n<p style=\"padding-left: 40px;\"><strong>8. FESTEJO INOLVIDABLE (polonesa)<\/strong><\/p>\r\n<ul>\r\n<li style=\"list-style-type: none;\">\r\n<ul>\r\n<li style=\"list-style-type: none;\">\r\n<ul>\r\n<li>M\u00fasica: Polonesa Op. 24 &#8211; Eugene Onegin, Piotr Ilich Tchaicovsky.<\/li>\r\n<li>Coreograf\u00eda: Silvia Caputo.<\/li>\r\n<li>Int\u00e9rpretes: alumnas del grupo cl\u00e1sico preadolescente iniciaci\u00f3n &#8211; intermedio.<\/li>\r\n<li>Morena Grela, Bianca Taborda, Constanza Vergara Dip, Emma Suque, Abril Atencio, Nina Belzunces, Valeria Valero, Candelaria Somma, Alegra Mussi, Nahiara Salda\u00f1a, M\u00eda Luque y Stefan\u00eda Ort\u00edz.<\/li>\r\n<\/ul>\r\n<\/li>\r\n<\/ul>\r\n<\/li>\r\n<\/ul>\r\n<p>&nbsp;<\/p>\r\n<p style=\"padding-left: 40px;\"><strong>9. LUCES M\u00c1GICAS (vals)<\/strong><\/p>\r\n<ul>\r\n<li style=\"list-style-type: none;\">\r\n<ul>\r\n<li style=\"list-style-type: none;\">\r\n<ul>\r\n<li>M\u00fasica: Valse de Naila de Le Corsaire, L\u00e8o Delibes.<\/li>\r\n<li>Coreograf\u00eda: Silvia Caputo.<\/li>\r\n<li>Int\u00e9rpretes: alumnas del grupo cl\u00e1sico adulto iniciaci\u00f3n &#8211; intermedio.<\/li>\r\n<li>Martina Nosei, Mariana Insarralde, Yamila L\u00f3pez, Tamara Basaldua y Brisa Meza.<\/li>\r\n<\/ul>\r\n<\/li>\r\n<\/ul>\r\n<\/li>\r\n<\/ul>\r\n<p>&nbsp;<\/p>\r\n<p style=\"padding-left: 40px;\"><strong>10. COLORES LUMINOSOS (canc\u00e1n)<\/strong><\/p>\r\n<ul>\r\n<li style=\"list-style-type: none;\">\r\n<ul>\r\n<li style=\"list-style-type: none;\">\r\n<ul>\r\n<li>M\u00fasica: Galop Infernal, Jacques Offenbach.<\/li>\r\n<li>Coreograf\u00eda: Silvia Caputo.<\/li>\r\n<li>Int\u00e9rpretes: alumnas de los grupos cl\u00e1sico adolescente intermedio, cl\u00e1sico adulto intermedio &#8211; avanzado y Silvia Caputo.<\/li>\r\n<li>Delfina Veltri, Brunela Ceyba, Manuela Porta, Britany Cabrera, Delfina Fabbi, Josefina Toledo, Pilar Adorno, Catalina Bach, Tiziana Burone, Morena Barrag\u00e1n Fusero, Emiliana Villanueva, Amy Nu\u00f1ez Kehler, Melina Casero, Valentina Cosmelli, Emma Bugari, Alma De La O, Micaela Artero y Silvia Caputo.<\/li>\r\n<\/ul>\r\n<\/li>\r\n<\/ul>\r\n<\/li>\r\n<\/ul>\r\n<p><!-- \/wp:list-item -->\u00a0<\/p>\r\n<p><!-- wp:list-item --><!-- \/wp:list-item --><!-- \/wp:list -->\u00a0<\/p>\r\n<p><!-- wp:paragraph --><!-- \/wp:paragraph -->\u00a0<\/p>\r\n<!-- wp:paragraph {\"align\":\"center\",\"textColor\":\"pale-pink\",\"fontSize\":\"medium\"} -->\r\n<p class=\"has-text-align-center has-pale-pink-color has-text-color has-medium-font-size\"><strong>SEGUNDA PARTE<\/strong><\/p>\r\n<p><!-- \/wp:paragraph -->\u00a0<\/p>\r\n<!-- wp:list {\"ordered\":true} -->\r\n<ol>\r\n<li style=\"list-style-type: none;\">\r\n<ol><!-- wp:list-item --><\/ol>\r\n<\/li>\r\n<\/ol>\r\n<p style=\"padding-left: 40px;\"><strong>1. FUSI\u00d3N<\/strong><\/p>\r\n<ul>\r\n<li style=\"list-style-type: none;\">\r\n<ul>\r\n<li style=\"list-style-type: none;\">\r\n<ul>\r\n<li>M\u00fasica: Believer, Imagine Dragons.<\/li>\r\n<li>Coreograf\u00eda: Ivana Tierno, Daiana Tierno y Silvia Caputo.<\/li>\r\n<li>Int\u00e9rpretes: alumnas del grupo cl\u00e1sico adulto intermedio &#8211; avanzado, Sivia Caputo, alumnas de Flux Estudio Coreogr\u00e1fico, Ivana Tierno y Daiana Tierno (estudio invitado).<\/li>\r\n<li>Morena Barrag\u00e1n Fusero, Emiliana Villanueva, Amy Nu\u00f1ez Kehler, Melina Casero, Valentina Cosmelli, Emma Bugari, Alma De La O, Lucero Marker, Micaela Artero y Silvia Caputo.<\/li>\r\n<li>Flux Estudio Coreogr\u00e1fico: Micaela Delia, Lucas Louberge, Mariana Insarralde, Soledad Puchalski, Valentina Comand, Mar\u00eda Luz Biacci y Camila Marino. Directoras: Ivana Tierno y Daiana Tierno.<\/li>\r\n<\/ul>\r\n<\/li>\r\n<\/ul>\r\n<\/li>\r\n<\/ul>\r\n<p>&nbsp;<\/p>\r\n<p style=\"padding-left: 40px;\"><strong>2. ARENAS MOVEDIZAS<\/strong><\/p>\r\n<ul>\r\n<li style=\"list-style-type: none;\">\r\n<ul>\r\n<li style=\"list-style-type: none;\">\r\n<ul>\r\n<li>M\u00fasica: Don&#8217;t you worry child (Swedish House Mafia), The Piano Guys ft. Shweta Subram.<\/li>\r\n<li>Coreograf\u00eda: Silvia Caputo.<\/li>\r\n<li>Int\u00e9rpretes: alumnas del grupo cl\u00e1sico adolescente intermedio.<\/li>\r\n<li>Delfina Veltri, Brunela Ceyba, Britany Cabrera, Delfina Fabbi, Josefina Toledo, Pilar Adorno, Catalina Bach y Tiziana Burone.<\/li>\r\n<\/ul>\r\n<\/li>\r\n<\/ul>\r\n<\/li>\r\n<\/ul>\r\n<p>&nbsp;<\/p>\r\n<p style=\"padding-left: 40px;\"><strong>3. ENCANTAMIENTO<\/strong><\/p>\r\n<ul>\r\n<li style=\"list-style-type: none;\">\r\n<ul>\r\n<li style=\"list-style-type: none;\">\r\n<ul>\r\n<li>M\u00fasica: Colombia (Mi encanto), Carlos Vives.<\/li>\r\n<li>Coreograf\u00eda: Silvia Caputo.<\/li>\r\n<li>Int\u00e9rpretes: alumnas del grupo cl\u00e1sico iniciaci\u00f3n y Paula Depierro.<\/li>\r\n<li>Natalie Chambi, Hebe Luna, Catalina Martini, Emilia Luque, Isabella Ofenbach, Aimara Orozco, Isabella Torres, Xiomara Videla y Paula Depierro.<\/li>\r\n<\/ul>\r\n<\/li>\r\n<\/ul>\r\n<\/li>\r\n<\/ul>\r\n<p>&nbsp;<\/p>\r\n<p style=\"padding-left: 40px;\"><strong>4. DUELO COMPLEMENTARIO<\/strong><\/p>\r\n<ul>\r\n<li style=\"list-style-type: none;\">\r\n<ul>\r\n<li style=\"list-style-type: none;\">\r\n<ul>\r\n<li>M\u00fasica: Carmen&#8217;s Libertango (Astor Piazzolla), The Piano Guys.<\/li>\r\n<li>Coreograf\u00eda: Silvia Caputo.<\/li>\r\n<li>Int\u00e9rpretes: alumnas del grupo cl\u00e1sico adulto intermedio &#8211; avanzado.<\/li>\r\n<li>Morena Barrag\u00e1n Fusero, Emiliana Villanueva, Amy Nu\u00f1ez Kehler, Melina Casero, Valentina Cosmelli, Emma Bugari, Alma De La O y Micaela Artero.<\/li>\r\n<\/ul>\r\n<\/li>\r\n<\/ul>\r\n<\/li>\r\n<\/ul>\r\n<p>&nbsp;<\/p>\r\n<p style=\"padding-left: 40px;\"><strong>5. CL\u00c1SICO NEVADO<\/strong><\/p>\r\n<ul>\r\n<li style=\"list-style-type: none;\">\r\n<ul>\r\n<li style=\"list-style-type: none;\">\r\n<ul>\r\n<li>M\u00fasica: Let it go (Disney&#8217;s Frozen) &#8211; Vivaldi&#8217;s winter, The Piano Guys.<\/li>\r\n<li>Coreograf\u00eda: Silvia Caputo.<\/li>\r\n<li>Int\u00e9rpretes: alumnas del grupo cl\u00e1sico preadolescente iniciaci\u00f3n &#8211; intermedio.<\/li>\r\n<li>Abril Atencio, Candelaria Somma, Alegra Mussi, Nahiara Salda\u00f1a, M\u00eda Luque y Stefan\u00eda Ort\u00edz.<\/li>\r\n<\/ul>\r\n<\/li>\r\n<\/ul>\r\n<\/li>\r\n<\/ul>\r\n<p>&nbsp;<\/p>\r\n<p style=\"padding-left: 40px;\"><strong>6. BAILARINAS DEL FUTURO<\/strong><\/p>\r\n<ul>\r\n<li style=\"list-style-type: none;\">\r\n<ul>\r\n<li style=\"list-style-type: none;\">\r\n<ul>\r\n<li>M\u00fasica: Prituri se planinata (Nit grit remix), Stellamara.<\/li>\r\n<li>Coreograf\u00eda: Silvia Caputo.<\/li>\r\n<li>Int\u00e9rpretes: alumnas del grupo cl\u00e1sico preadolescente iniciaci\u00f3n &#8211; intermedio.<\/li>\r\n<li>Morena Grela, Bianca Taborda, Constanza Vergara Dip, Emma Suque, Nina Belzunces y Valeria Valero.<\/li>\r\n<\/ul>\r\n<\/li>\r\n<\/ul>\r\n<\/li>\r\n<\/ul>\r\n<p>&nbsp;<\/p>\r\n<p style=\"padding-left: 40px;\"><strong>7. MISI\u00d3N IMPOSIBLE<\/strong><\/p>\r\n<ul>\r\n<li style=\"list-style-type: none;\">\r\n<ul>\r\n<li style=\"list-style-type: none;\">\r\n<ul>\r\n<li>M\u00fasica: Mission Impossible &#8211; Piano Soneto No. 16 in C Mojor K. 545 (Mozart), The Piano Guys ft. Lindsey Stirling.<\/li>\r\n<li>Coreograf\u00eda: Silvia Caputo.<\/li>\r\n<li>Int\u00e9rpretes: alumnas del grupo cl\u00e1sico adolescente intermedio.<\/li>\r\n<li>Delfina Veltri, Brunela Ceyba, Manuela Porta, Britany Cabrera, Delfina Fabbi, Josefina Toledo, Pilar Adorno, Catalina Bach, Tiziana Burone y Valentina Cosmelli.<\/li>\r\n<\/ul>\r\n<\/li>\r\n<\/ul>\r\n<\/li>\r\n<\/ul>\r\n<p>&nbsp;<\/p>\r\n<p style=\"padding-left: 40px;\"><strong>8. CAZAFANTASMAS<\/strong><\/p>\r\n<ul>\r\n<li style=\"list-style-type: none;\">\r\n<ul>\r\n<li style=\"list-style-type: none;\">\r\n<ul>\r\n<li>M\u00fasica: Soundtrack Ghostbusters, Ray Parker Jr.<\/li>\r\n<li>Coreograf\u00eda: Silvia Caputo.<\/li>\r\n<li>Int\u00e9rpretes: alumnas del grupo cl\u00e1sico infantil.<\/li>\r\n<li>Martina Bugianesi, Luna Teijeiro Ju\u00e1rez, Amparo Basso, Vera Paez, Isabella \u00c1lvarez, Juana Correa, Luz Mazzuchini, Juana Cofr\u00e9, In\u00e9s Correa, Sol Leonetti, Emma Canoves, M\u00e1xima Aguil\u00f3, Malena Almaraz y Julia Bidera.<\/li>\r\n<\/ul>\r\n<\/li>\r\n<\/ul>\r\n<\/li>\r\n<\/ul>\r\n<p>&nbsp;<\/p>\r\n<p style=\"padding-left: 40px;\"><strong>9. PIGMENTOS EN ARMON\u00cdA<\/strong><\/p>\r\n<ul>\r\n<li style=\"list-style-type: none;\">\r\n<ul>\r\n<li style=\"list-style-type: none;\">\r\n<ul>\r\n<li>M\u00fasica: Bitter sweet symphony (The Verve) &#8211; Canon In D Major (Pachelbel), David Garret.<\/li>\r\n<li>Coreograf\u00eda: Silvia Caputo.<\/li>\r\n<li>Int\u00e9rpretes: alumnas del grupo cl\u00e1sico adulto iniciaci\u00f3n &#8211; intermedio.<\/li>\r\n<li>Martina Nosei, Mariana Insarralde, Yamila L\u00f3pez, Tamara Basaldua y Brisa Meza.<\/li>\r\n<\/ul>\r\n<\/li>\r\n<\/ul>\r\n<\/li>\r\n<\/ul>\r\n<p>&nbsp;<\/p>\r\n<p style=\"padding-left: 40px;\"><strong>10. CORRIENTES UNIDAS<\/strong><\/p>\r\n<ul>\r\n<li style=\"list-style-type: none;\">\r\n<ul>\r\n<li style=\"list-style-type: none;\">\r\n<ul>\r\n<li>M\u00fasica: Bloodstream &#8211; Claire de Lune (Debussy), Tokio Myers.<\/li>\r\n<li>Coreograf\u00eda: Silvia Caputo.<\/li>\r\n<li>Int\u00e9rpretes: Valentina Cosmelli y Silvia Caputo.<\/li>\r\n<\/ul>\r\n<\/li>\r\n<\/ul>\r\n<\/li>\r\n<\/ul>\r\n<p>&nbsp;<\/p>\r\n<p style=\"padding-left: 40px;\"><strong>11. ENLACE EN CADENA<\/strong><\/p>\r\n<ul>\r\n<li style=\"list-style-type: none;\">\r\n<ul>\r\n<li style=\"list-style-type: none;\">\r\n<ul>\r\n<li>M\u00fasica: Something just like this (The Chainsmokers ft. Coldplay) &#8211; Hungarian Rhapsody No. 2 (Liszt), The Piano Guys.<\/li>\r\n<li>Coreograf\u00eda: Silvia Caputo.<\/li>\r\n<li>Int\u00e9rpretes: alumnas del grupo preadolescente iniciaci\u00f3n &#8211; intermedio.<\/li>\r\n<li>Morena Grela, Bianca Taborda, Constanza Vergara Dip, Emma Suque, Abril Atencio, Nina Belzunces, Valeria Valero, Candelaria Somma, Alegra Mussi, Nahiara Salda\u00f1a, M\u00eda Luque y Stefan\u00eda Ort\u00edz.<\/li>\r\n<\/ul>\r\n<\/li>\r\n<\/ul>\r\n<\/li>\r\n<\/ul>\r\n<p>&nbsp;<\/p>\r\n<p style=\"padding-left: 40px;\"><strong>12. FIGURAS EN CONEXI\u00d3N<\/strong><\/p>\r\n<ul>\r\n<li style=\"list-style-type: none;\">\r\n<ul>\r\n<li style=\"list-style-type: none;\">\r\n<ul>\r\n<li>M\u00fasica: Sandstorm (Darude), David Garret.<\/li>\r\n<li>Coreograf\u00eda: Silvia Caputo.<\/li>\r\n<li>Int\u00e9rpretes: alumnas del grupo adulto intermedio &#8211; avanzado.<\/li>\r\n<li>Morena Barrag\u00e1n Fusero, Emiliana Villanueva, Amy Nu\u00f1ez Kehler, Melina Casero, Valentina Cosmelli, Emma Bugari, Alma De La O y Micaela Artero.<\/li>\r\n<\/ul>\r\n<\/li>\r\n<\/ul>\r\n<\/li>\r\n<\/ul>\r\n<p>&nbsp;<\/p>\r\n<p style=\"padding-left: 40px;\"><strong>13. FUSI\u00d3N EXTREMA (CIERRE GRUPAL)<\/strong><\/p>\r\n<ul>\r\n<li style=\"list-style-type: none;\">\r\n<ul>\r\n<li style=\"list-style-type: none;\">\r\n<ul>\r\n<li>M\u00fasica: Welcome to the jungle, Guns N&#8217; Roses.<\/li>\r\n<li>Coreograf\u00eda: Silvia Caputo.<\/li>\r\n<li>Int\u00e9rpretes: alumnas de los grupos cl\u00e1sico iniciaci\u00f3n, cl\u00e1sico infantil, cl\u00e1sico preadolescente iniciaci\u00f3n &#8211; intermedio, cl\u00e1sico adolescente intermedio, cl\u00e1sico adulto iniciaci\u00f3n &#8211; intermedio, cl\u00e1sico adulto intermedio &#8211; avanzado y Silvia Caputo.<\/li>\r\n<li>Natalie Chambi, Hebe Luna, Catalina Martini, Emilia Luque, Isabella Ofenbach, Aimara Orozco, Isabella Torres, Xiomara Videla, Martina Bugianesi, Luna Teijeiro Ju\u00e1rez, Amparo Basso, Vera Paez, Isabella \u00c1lvarez, Juana Correa, Luz Mazzuchini, Juana Cofr\u00e9, In\u00e9s Correa, Sol Leonetti, Emma Canoves, M\u00e1xima Aguil\u00f3, Malena Almaraz, Julia Bidera, Morena Grela, Bianca Taborda, Constanza Vergara Dip, Emma Suque, Abril Atencio, Nina Belzunces, Valeria Valero, Candelaria Somma, Alegra Mussi, Nahiara Salda\u00f1a, M\u00eda Luque, Stefan\u00eda Ort\u00edz, Delfina Veltri, Brunela Ceyba, Manuela Porta, Britany Cabrera, Delfina Fabbi, Josefina Toledo, Pilar Adorno, Catalina Bach, Tiziana Burone, Martina Nosei, Mariana Insarralde, Yamila L\u00f3pez, Tamara Basaldua, Brisa Meza, Morena Barrag\u00e1n Fusero, Emiliana Villanueva, Amy Nu\u00f1ez Kehler, Melina Casero, Valentina Cosmelli, Emma Bugari, Alma De La O, Lucero Marker, Micaela Artero y Silvia Caputo.<\/li>\r\n<\/ul>\r\n<\/li>\r\n<\/ul>\r\n<\/li>\r\n<\/ul>\r\n<p><!-- \/wp:list-item --><!-- \/wp:list -->\u00a0<\/p>\r\n<p><!-- wp:heading -->\u00a0<\/p>\r\n<p>[\/vc_column_text][vc_single_image image=&#8221;9560&#8243; img_size=&#8221;medium&#8221; alignment=&#8221;center&#8221; onclick=&#8221;custom_link&#8221; img_link_target=&#8221;_blank&#8221; css_animation=&#8221;fadeInUp&#8221; link=&#8221;https:\/\/linktr.ee\/estudiosilviacaputo?utm_source=linktree_profile_share&#8221;][vc_column_text]<\/p>\r\n<h3 style=\"text-align: center;\"><strong>\ud83d\udce7\u00a0<a href=\"https:\/\/linktr.ee\/estudiosilviacaputo?utm_source=linktree_profile_share\">CONTACTO\u00a0<\/a><\/strong><\/h3>\r\n<p>&nbsp;<\/p>\r\n<p>[\/vc_column_text][\/vc_column][\/vc_row]<\/p>","protected":false},"excerpt":{"rendered":"<p>[vc_row row_content_width=&#8221;grid&#8221; row_btt_skin=&#8221;light&#8221; parallax_background_image=&#8221;9597&#8243; parallax_bg_speed=&#8221;.2&#8243;][vc_column][vc_column_text]\u00a0 \u00a0 Las alumnas del Estudio representan piezas musicales tradicionales de ballets donde se destaca la t\u00e9cnica cl\u00e1sica como una disciplina bien definida y figurativa. Asimismo, m\u00e1s de 60 artistas en escena, bailan diversas coreograf\u00edas fusionando [&hellip;]<\/p>\n","protected":false},"author":1,"featured_media":0,"parent":0,"menu_order":0,"comment_status":"closed","ping_status":"closed","template":"","meta":[],"_links":{"self":[{"href":"https:\/\/estudiosilviacaputo.com\/index.php\/wp-json\/wp\/v2\/pages\/5031"}],"collection":[{"href":"https:\/\/estudiosilviacaputo.com\/index.php\/wp-json\/wp\/v2\/pages"}],"about":[{"href":"https:\/\/estudiosilviacaputo.com\/index.php\/wp-json\/wp\/v2\/types\/page"}],"author":[{"embeddable":true,"href":"https:\/\/estudiosilviacaputo.com\/index.php\/wp-json\/wp\/v2\/users\/1"}],"replies":[{"embeddable":true,"href":"https:\/\/estudiosilviacaputo.com\/index.php\/wp-json\/wp\/v2\/comments?post=5031"}],"version-history":[{"count":53,"href":"https:\/\/estudiosilviacaputo.com\/index.php\/wp-json\/wp\/v2\/pages\/5031\/revisions"}],"predecessor-version":[{"id":9626,"href":"https:\/\/estudiosilviacaputo.com\/index.php\/wp-json\/wp\/v2\/pages\/5031\/revisions\/9626"}],"wp:attachment":[{"href":"https:\/\/estudiosilviacaputo.com\/index.php\/wp-json\/wp\/v2\/media?parent=5031"}],"curies":[{"name":"wp","href":"https:\/\/api.w.org\/{rel}","templated":true}]}}