{"id":374,"date":"2018-04-24T14:23:15","date_gmt":"2018-04-24T14:23:15","guid":{"rendered":"https:\/\/arabesque.mikado-themes.com\/?page_id=374"},"modified":"2023-12-13T06:04:17","modified_gmt":"2023-12-13T06:04:17","slug":"contacto","status":"publish","type":"page","link":"https:\/\/estudiosilviacaputo.com\/index.php\/contacto\/","title":{"rendered":"CONTACTANOS"},"content":{"rendered":"\t\t<div data-elementor-type=\"wp-page\" data-elementor-id=\"374\" class=\"elementor elementor-374\">\n\t\t\t\t\t\t\t\t\t<section class=\"elementor-section elementor-top-section elementor-element elementor-element-35d22cd elementor-section-boxed elementor-section-height-default elementor-section-height-default\" data-id=\"35d22cd\" data-element_type=\"section\">\n\t\t\t\t\t\t<div class=\"elementor-container elementor-column-gap-default\">\n\t\t\t\t\t<div class=\"elementor-column elementor-col-100 elementor-top-column elementor-element elementor-element-52611c60\" data-id=\"52611c60\" data-element_type=\"column\">\n\t\t\t<div class=\"elementor-widget-wrap elementor-element-populated\">\n\t\t\t\t\t\t\t\t<div class=\"elementor-element elementor-element-619261f elementor-widget__width-initial elementor-widget elementor-widget-text-editor\" data-id=\"619261f\" data-element_type=\"widget\" data-widget_type=\"text-editor.default\">\n\t\t\t\t<div class=\"elementor-widget-container\">\n\t\t\t<style>\/*! elementor - v3.12.0 - 29-03-2023 *\/\n.elementor-widget-text-editor.elementor-drop-cap-view-stacked .elementor-drop-cap{background-color:#69727d;color:#fff}.elementor-widget-text-editor.elementor-drop-cap-view-framed .elementor-drop-cap{color:#69727d;border:3px solid;background-color:transparent}.elementor-widget-text-editor:not(.elementor-drop-cap-view-default) .elementor-drop-cap{margin-top:8px}.elementor-widget-text-editor:not(.elementor-drop-cap-view-default) .elementor-drop-cap-letter{width:1em;height:1em}.elementor-widget-text-editor .elementor-drop-cap{float:left;text-align:center;line-height:1;font-size:50px}.elementor-widget-text-editor .elementor-drop-cap-letter{display:inline-block}<\/style>\t\t\t\t<p>[vc_row row_content_width=&#8221;grid&#8221; css=&#8221;.vc_custom_1547810203427{padding-top: 100px !important;padding-bottom: 150px !important;}&#8221;][vc_column offset=&#8221;vc_col-lg-offset-2 vc_col-lg-8&#8243;]<div class=\"mkdf-section-title-holder   mkdf-st-reverse-order\" style=\"text-align: center\">\n\t<div class=\"mkdf-st-inner\">\n                                    <span class=\"mkdf-st-text\" >\n                Sum\u00e1te                <\/span>\n                                        <h2 class=\"mkdf-st-title\" >\n                Queremos escucharte                <\/h2>\n                    \t<\/div>\n<\/div><div class=\"mkdf-separator-holder clearfix  mkdf-separator-center  mkdf-separator-animation-yes\" style=\"margin-top: 30px;margin-bottom: 60px\">\n\t    <div data-width=\"140px\" class=\"mkdf-separator\" style=\"border-color: #000000;width: 140px;border-bottom-width: 1px\"><\/div>\n\t<\/div>\n\n<div class=\"wpcf7 no-js\" id=\"wpcf7-f179-o1\" lang=\"en-US\" dir=\"ltr\">\n<div class=\"screen-reader-response\"><p role=\"status\" aria-live=\"polite\" aria-atomic=\"true\"><\/p> <ul><\/ul><\/div>\n<form action=\"\/index.php\/wp-json\/wp\/v2\/pages\/374#wpcf7-f179-o1\" method=\"post\" class=\"wpcf7-form init cf7_custom_style_1\" aria-label=\"Contact form\" novalidate=\"novalidate\" data-status=\"init\">\n<div style=\"display: none;\">\n<input type=\"hidden\" name=\"_wpcf7\" value=\"179\" \/>\n<input type=\"hidden\" name=\"_wpcf7_version\" value=\"5.7.5.1\" \/>\n<input type=\"hidden\" name=\"_wpcf7_locale\" value=\"en_US\" \/>\n<input type=\"hidden\" name=\"_wpcf7_unit_tag\" value=\"wpcf7-f179-o1\" \/>\n<input type=\"hidden\" name=\"_wpcf7_container_post\" value=\"0\" \/>\n<input type=\"hidden\" name=\"_wpcf7_posted_data_hash\" value=\"\" \/>\n<input type=\"hidden\" name=\"_wpcf7_recaptcha_response\" value=\"\" \/>\n<\/div>\n<div class=\"arabesque-get-in-touch-form\">\n\t<div>\n\t\t<div class=\"edgtf-grid-row edgtf-grid-small-gutter\">\n\t\t\t<div class=\"edgtf-grid-col-6\">\n\t\t\t\t<p><span class=\"wpcf7-form-control-wrap\" data-name=\"yourname\"><input size=\"40\" class=\"wpcf7-form-control wpcf7-text wpcf7-validates-as-required\" aria-required=\"true\" aria-invalid=\"false\" placeholder=\"Nombre\" value=\"\" type=\"text\" name=\"yourname\" \/><\/span>\n\t\t\t\t<\/p>\n\t\t\t<\/div>\n\t\t\t<div class=\"edgtf-grid-col-6\">\n\t\t\t\t<p><span class=\"wpcf7-form-control-wrap\" data-name=\"subject\"><input size=\"40\" class=\"wpcf7-form-control wpcf7-text wpcf7-validates-as-required\" aria-required=\"true\" aria-invalid=\"false\" placeholder=\"Correo\" value=\"\" type=\"text\" name=\"subject\" \/><\/span>\n\t\t\t\t<\/p>\n\t\t\t<\/div>\n\t\t\t<div>\n\t\t\t\t<p><span class=\"wpcf7-form-control-wrap\" data-name=\"menu-682\"><select class=\"wpcf7-form-control wpcf7-select wpcf7-validates-as-required\" id=\"menu-682\" aria-required=\"true\" aria-invalid=\"false\" name=\"menu-682\"><option value=\"-SELECCIONA TU CURSO-\">-SELECCIONA TU CURSO-<\/option><option value=\"Cl\u00e1sico Iniciaci\u00f3n (3-6 A\u00f1os)\">Cl\u00e1sico Iniciaci\u00f3n (3-6 A\u00f1os)<\/option><option value=\"Cl\u00e1sico Infantil (7-10 A\u00f1os)\">Cl\u00e1sico Infantil (7-10 A\u00f1os)<\/option><option value=\"Cl\u00e1sico Preadolescente Iniciaci\u00f3n Intermedio\">Cl\u00e1sico Preadolescente Iniciaci\u00f3n Intermedio<\/option><option value=\"Cl\u00e1sico Adolescente Intermedio\">Cl\u00e1sico Adolescente Intermedio<\/option><option value=\"Cl\u00e1sico Adulto Iniciaci\u00f3n Intermedio\">Cl\u00e1sico Adulto Iniciaci\u00f3n Intermedio<\/option><option value=\"Cl\u00e1sico Adulto Intermedio Avanzado\">Cl\u00e1sico Adulto Intermedio Avanzado<\/option><\/select><\/span>\n\t\t\t\t<\/p>\n\t\t\t<\/div>\n\t\t<\/div>\n\t<\/div>\n\t<div>\n\t\t<div>\n\t\t\t<p><span class=\"wpcf7-form-control-wrap\" data-name=\"textarea\"><textarea cols=\"40\" rows=\"10\" class=\"wpcf7-form-control wpcf7-textarea\" aria-invalid=\"false\" placeholder=\"Mensaje\" name=\"textarea\"><\/textarea><\/span>\n\t\t\t<\/p>\n\t\t<\/div>\n\t\t<p><button class=\"wpcf7-form-control wpcf7-submit mkdf-btn mkdf-btn-medium mkdf-btn-solid\" type=\"submit\"><span class=\"mkdf-btn-text\">Enviar<\/span><\/button>\n\t\t<\/p>\n\t<\/div>\n<\/div><div class=\"wpcf7-response-output\" aria-hidden=\"true\"><\/div>\n<\/form>\n<\/div>\n[\/vc_column][vc_column][vc_single_image image=&#8221;7&#8243; alignment=&#8221;center&#8221;][\/vc_column][\/vc_row][vc_row css=&#8221;.vc_custom_1687511635175{margin-bottom: 30px !important;}&#8221;][vc_column]<div class=\"mkdf-google-map-holder\">\n\t<div class=\"mkdf-google-map\" id=\"mkdf-map-100118\" data-addresses='[\"Francia 1152, Luj\u00e1n, Argentina\"]' data-custom-map-style=no data-color-overlay=#393939 data-saturation=-100 data-lightness=-60 data-zoom=14 data-pin=https:\/\/estudiosilviacaputo.com\/wp-content\/uploads\/2018\/12\/pin-img.png data-unique-id=100118 data-scroll-wheel=no data-height=485px ><\/div>\n\t\t\t\t<div class=\"mkdf-google-map-overlay\"><\/div>\n\t<\/div>\n[\/vc_column][\/vc_row]<\/p>\t\t\t\t\t\t<\/div>\n\t\t\t\t<\/div>\n\t\t\t\t\t<\/div>\n\t\t<\/div>\n\t\t\t\t\t\t\t<\/div>\n\t\t<\/section>\n\t\t\t\t\t\t\t<\/div>\n\t\t","protected":false},"excerpt":{"rendered":"<p>[vc_row row_content_width=&#8221;grid&#8221; css=&#8221;.vc_custom_1547810203427{padding-top: 100px !important;padding-bottom: 150px !important;}&#8221;][vc_column offset=&#8221;vc_col-lg-offset-2 vc_col-lg-8&#8243;][\/vc_column][vc_column][vc_single_image image=&#8221;7&#8243; alignment=&#8221;center&#8221;][\/vc_column][\/vc_row][vc_row css=&#8221;.vc_custom_1687511635175{margin-bottom: 30px !important;}&#8221;][vc_column][\/vc_column][\/vc_row]<\/p>\n","protected":false},"author":1,"featured_media":0,"parent":0,"menu_order":0,"comment_status":"closed","ping_status":"closed","template":"","meta":[],"_links":{"self":[{"href":"https:\/\/estudiosilviacaputo.com\/index.php\/wp-json\/wp\/v2\/pages\/374"}],"collection":[{"href":"https:\/\/estudiosilviacaputo.com\/index.php\/wp-json\/wp\/v2\/pages"}],"about":[{"href":"https:\/\/estudiosilviacaputo.com\/index.php\/wp-json\/wp\/v2\/types\/page"}],"author":[{"embeddable":true,"href":"https:\/\/estudiosilviacaputo.com\/index.php\/wp-json\/wp\/v2\/users\/1"}],"replies":[{"embeddable":true,"href":"https:\/\/estudiosilviacaputo.com\/index.php\/wp-json\/wp\/v2\/comments?post=374"}],"version-history":[{"count":49,"href":"https:\/\/estudiosilviacaputo.com\/index.php\/wp-json\/wp\/v2\/pages\/374\/revisions"}],"predecessor-version":[{"id":9608,"href":"https:\/\/estudiosilviacaputo.com\/index.php\/wp-json\/wp\/v2\/pages\/374\/revisions\/9608"}],"wp:attachment":[{"href":"https:\/\/estudiosilviacaputo.com\/index.php\/wp-json\/wp\/v2\/media?parent=374"}],"curies":[{"name":"wp","href":"https:\/\/api.w.org\/{rel}","templated":true}]}}