{"id":3261,"date":"2018-05-10T09:57:49","date_gmt":"2018-05-10T09:57:49","guid":{"rendered":"https:\/\/arabesque.mikado-themes.com\/?page_id=3261"},"modified":"2023-12-13T06:02:59","modified_gmt":"2023-12-13T06:02:59","slug":"contact-form","status":"publish","type":"page","link":"https:\/\/estudiosilviacaputo.com\/index.php\/elements\/contact-form\/","title":{"rendered":"CONT\u00c1CTANOS"},"content":{"rendered":"<p>[vc_row row_content_width=&#8221;grid&#8221; css=&#8221;.vc_custom_1546938813396{padding-top: 140px !important;padding-bottom: 116px !important;}&#8221;][vc_column offset=&#8221;vc_col-lg-offset-2 vc_col-lg-8 vc_col-md-12&#8243;]\n<div class=\"wpcf7 no-js\" id=\"wpcf7-f179-o1\" lang=\"en-US\" dir=\"ltr\">\n<div class=\"screen-reader-response\"><p role=\"status\" aria-live=\"polite\" aria-atomic=\"true\"><\/p> <ul><\/ul><\/div>\n<form action=\"\/index.php\/wp-json\/wp\/v2\/pages\/3261#wpcf7-f179-o1\" method=\"post\" class=\"wpcf7-form init cf7_custom_style_1\" aria-label=\"Contact form\" novalidate=\"novalidate\" data-status=\"init\">\n<div style=\"display: none;\">\n<input type=\"hidden\" name=\"_wpcf7\" value=\"179\" \/>\n<input type=\"hidden\" name=\"_wpcf7_version\" value=\"5.7.5.1\" \/>\n<input type=\"hidden\" name=\"_wpcf7_locale\" value=\"en_US\" \/>\n<input type=\"hidden\" name=\"_wpcf7_unit_tag\" value=\"wpcf7-f179-o1\" \/>\n<input type=\"hidden\" name=\"_wpcf7_container_post\" value=\"0\" \/>\n<input type=\"hidden\" name=\"_wpcf7_posted_data_hash\" value=\"\" \/>\n<input type=\"hidden\" name=\"_wpcf7_recaptcha_response\" value=\"\" \/>\n<\/div>\n<div class=\"arabesque-get-in-touch-form\">\n\t<div>\n\t\t<div class=\"edgtf-grid-row edgtf-grid-small-gutter\">\n\t\t\t<div class=\"edgtf-grid-col-6\">\n\t\t\t\t<p><span class=\"wpcf7-form-control-wrap\" data-name=\"yourname\"><input size=\"40\" class=\"wpcf7-form-control wpcf7-text wpcf7-validates-as-required\" aria-required=\"true\" aria-invalid=\"false\" placeholder=\"Nombre\" value=\"\" type=\"text\" name=\"yourname\" \/><\/span>\n\t\t\t\t<\/p>\n\t\t\t<\/div>\n\t\t\t<div class=\"edgtf-grid-col-6\">\n\t\t\t\t<p><span class=\"wpcf7-form-control-wrap\" data-name=\"subject\"><input size=\"40\" class=\"wpcf7-form-control wpcf7-text wpcf7-validates-as-required\" aria-required=\"true\" aria-invalid=\"false\" placeholder=\"Correo\" value=\"\" type=\"text\" name=\"subject\" \/><\/span>\n\t\t\t\t<\/p>\n\t\t\t<\/div>\n\t\t\t<div>\n\t\t\t\t<p><span class=\"wpcf7-form-control-wrap\" data-name=\"menu-682\"><select class=\"wpcf7-form-control wpcf7-select wpcf7-validates-as-required\" id=\"menu-682\" aria-required=\"true\" aria-invalid=\"false\" name=\"menu-682\"><option value=\"-SELECCIONA TU CURSO-\">-SELECCIONA TU CURSO-<\/option><option value=\"Cl\u00e1sico Iniciaci\u00f3n (3-6 A\u00f1os)\">Cl\u00e1sico Iniciaci\u00f3n (3-6 A\u00f1os)<\/option><option value=\"Cl\u00e1sico Infantil (7-10 A\u00f1os)\">Cl\u00e1sico Infantil (7-10 A\u00f1os)<\/option><option value=\"Cl\u00e1sico Preadolescente Iniciaci\u00f3n Intermedio\">Cl\u00e1sico Preadolescente Iniciaci\u00f3n Intermedio<\/option><option value=\"Cl\u00e1sico Adolescente Intermedio\">Cl\u00e1sico Adolescente Intermedio<\/option><option value=\"Cl\u00e1sico Adulto Iniciaci\u00f3n Intermedio\">Cl\u00e1sico Adulto Iniciaci\u00f3n Intermedio<\/option><option value=\"Cl\u00e1sico Adulto Intermedio Avanzado\">Cl\u00e1sico Adulto Intermedio Avanzado<\/option><\/select><\/span>\n\t\t\t\t<\/p>\n\t\t\t<\/div>\n\t\t<\/div>\n\t<\/div>\n\t<div>\n\t\t<div>\n\t\t\t<p><span class=\"wpcf7-form-control-wrap\" data-name=\"textarea\"><textarea cols=\"40\" rows=\"10\" class=\"wpcf7-form-control wpcf7-textarea\" aria-invalid=\"false\" placeholder=\"Mensaje\" name=\"textarea\"><\/textarea><\/span>\n\t\t\t<\/p>\n\t\t<\/div>\n\t\t<p><button class=\"wpcf7-form-control wpcf7-submit mkdf-btn mkdf-btn-medium mkdf-btn-solid\" type=\"submit\"><span class=\"mkdf-btn-text\">Enviar<\/span><\/button>\n\t\t<\/p>\n\t<\/div>\n<\/div><div class=\"wpcf7-response-output\" aria-hidden=\"true\"><\/div>\n<\/form>\n<\/div>\n[\/vc_column][\/vc_row]<\/p>\n","protected":false},"excerpt":{"rendered":"<p>[vc_row row_content_width=&#8221;grid&#8221; css=&#8221;.vc_custom_1546938813396{padding-top: 140px !important;padding-bottom: 116px !important;}&#8221;][vc_column offset=&#8221;vc_col-lg-offset-2 vc_col-lg-8 vc_col-md-12&#8243;][\/vc_column][\/vc_row]<\/p>\n","protected":false},"author":1,"featured_media":0,"parent":5031,"menu_order":0,"comment_status":"closed","ping_status":"closed","template":"","meta":[],"_links":{"self":[{"href":"https:\/\/estudiosilviacaputo.com\/index.php\/wp-json\/wp\/v2\/pages\/3261"}],"collection":[{"href":"https:\/\/estudiosilviacaputo.com\/index.php\/wp-json\/wp\/v2\/pages"}],"about":[{"href":"https:\/\/estudiosilviacaputo.com\/index.php\/wp-json\/wp\/v2\/types\/page"}],"author":[{"embeddable":true,"href":"https:\/\/estudiosilviacaputo.com\/index.php\/wp-json\/wp\/v2\/users\/1"}],"replies":[{"embeddable":true,"href":"https:\/\/estudiosilviacaputo.com\/index.php\/wp-json\/wp\/v2\/comments?post=3261"}],"version-history":[{"count":2,"href":"https:\/\/estudiosilviacaputo.com\/index.php\/wp-json\/wp\/v2\/pages\/3261\/revisions"}],"predecessor-version":[{"id":9150,"href":"https:\/\/estudiosilviacaputo.com\/index.php\/wp-json\/wp\/v2\/pages\/3261\/revisions\/9150"}],"up":[{"embeddable":true,"href":"https:\/\/estudiosilviacaputo.com\/index.php\/wp-json\/wp\/v2\/pages\/5031"}],"wp:attachment":[{"href":"https:\/\/estudiosilviacaputo.com\/index.php\/wp-json\/wp\/v2\/media?parent=3261"}],"curies":[{"name":"wp","href":"https:\/\/api.w.org\/{rel}","templated":true}]}}