{"id":27,"date":"2018-04-23T14:30:54","date_gmt":"2018-04-23T14:30:54","guid":{"rendered":"https:\/\/arabesque.mikado-themes.com\/?page_id=27"},"modified":"2023-12-13T06:08:43","modified_gmt":"2023-12-13T06:08:43","slug":"home-1","status":"publish","type":"page","link":"https:\/\/estudiosilviacaputo.com\/","title":{"rendered":"Main Home"},"content":{"rendered":"<p>[vc_row][vc_column][rev_slider_vc alias=&#8221;main-home&#8221; enable_paspartu=&#8221;no&#8221;][\/vc_column][\/vc_row][vc_row row_content_width=&#8221;grid&#8221; css=&#8221;.vc_custom_1545921410903{padding-top: 150px !important;padding-bottom: 150px !important;}&#8221;][vc_column]<div class=\"mkdf-elements-holder   mkdf-two-columns  mkdf-responsive-mode-1024 mkdf-one-column-alignment-center\" ><div class=\"mkdf-eh-item     \"  data-item-class=\"mkdf-eh-custom-8775\" data-1366-1600=\"0 0 66px 0\" data-1024-1366=\"0 0 66px 0\">\n\t<div class=\"mkdf-eh-item-inner\">\n\t\t<div class=\"mkdf-eh-item-content mkdf-eh-custom-8775\" style=\"padding: 0 20px 66px 0\">\n\t\t\t<div class=\"mkdf-section-title-holder   mkdf-st-reverse-order\" >\n\t<div class=\"mkdf-st-inner\">\n                                    <span class=\"mkdf-st-text\" >\n                danza con nosotros                <\/span>\n                                        <h2 class=\"mkdf-st-title\" >\n                El Ballet es mi sue\u00f1o                <\/h2>\n                    \t<\/div>\n<\/div><div class=\"mkdf-separator-holder clearfix  mkdf-separator-left  mkdf-separator-animation-yes\" style=\"margin-top: 30px;margin-bottom: 29px\">\n\t    <div data-width=\"140px\" class=\"mkdf-separator\" style=\"border-color: #000000;width: 140px;border-bottom-width: 1px\"><\/div>\n\t<\/div>\n[vc_column_text]<span style=\"font-size: 20px; line-height: 30px; color: #6c6c6c;\">El Estudio se dedica desde el a\u00f1o 2010 a formar bailarines de Danza Cl\u00e1sica, desde los 3 a\u00f1os de edad. <\/span>[\/vc_column_text][vc_empty_space height=&#8221;5px&#8221;][vc_column_text]Inauguramos nuestro nuevo espacio y nos encantar\u00eda tenerte con nosotros. Hay clases para todos los niveles y edades, tu primera experiencia gratuita puede ser el gran cambio de tu vida.<\/p>\n<p>[\/vc_column_text][vc_empty_space height=&#8221;23px&#8221;]\t\t<\/div>\n\t<\/div>\n<\/div><div class=\"mkdf-eh-item     \"  data-item-class=\"mkdf-eh-custom-4253\" data-768-1024=\"0 0 0 0\" data-680-768=\"0 0 0 0\" data-680=\"0 15px\">\n\t<div class=\"mkdf-eh-item-inner\">\n\t\t<div class=\"mkdf-eh-item-content mkdf-eh-custom-4253\" style=\"padding: 0 0 0 100px\">\n\t\t\t<div class=\"mkdf-single-image-holder   mkdf-has-box-shadow mkdf-image-behavior-lightbox\">\n    <div class=\"mkdf-si-inner\" >\n                    <a itemprop=\"image\" href=\"https:\/\/estudiosilviacaputo.com\/wp-content\/uploads\/2023\/06\/home_1.jpg\" data-rel=\"prettyPhoto[si_pretty_photo]\" title=\"Avanzado\">\n                <div class=\"mkdf-moving-image-holder\"><div class=\"mkdf-moving-image\">\n                                    <img width=\"800\" height=\"1202\" src=\"https:\/\/estudiosilviacaputo.com\/wp-content\/uploads\/2023\/06\/home_1.jpg\" class=\"attachment-full size-full\" alt=\"Avanzado\" decoding=\"async\" loading=\"lazy\" srcset=\"https:\/\/estudiosilviacaputo.com\/wp-content\/uploads\/2023\/06\/home_1.jpg 800w, https:\/\/estudiosilviacaputo.com\/wp-content\/uploads\/2023\/06\/home_1-200x300.jpg 200w, https:\/\/estudiosilviacaputo.com\/wp-content\/uploads\/2023\/06\/home_1-682x1024.jpg 682w, https:\/\/estudiosilviacaputo.com\/wp-content\/uploads\/2023\/06\/home_1-768x1154.jpg 768w\" sizes=\"(max-width: 800px) 100vw, 800px\" \/>                                    <\/div><\/div>\n            <\/a>\n            <\/div>\n<\/div>\t\t<\/div>\n\t<\/div>\n<\/div><\/div>[\/vc_column][\/vc_row]<\/p>\n","protected":false},"excerpt":{"rendered":"<p>[vc_row][vc_column][rev_slider_vc alias=&#8221;main-home&#8221; enable_paspartu=&#8221;no&#8221;][\/vc_column][\/vc_row][vc_row row_content_width=&#8221;grid&#8221; css=&#8221;.vc_custom_1545921410903{padding-top: 150px !important;padding-bottom: 150px !important;}&#8221;][vc_column][\/vc_column][\/vc_row]<\/p>\n","protected":false},"author":1,"featured_media":0,"parent":0,"menu_order":0,"comment_status":"closed","ping_status":"closed","template":"","meta":[],"_links":{"self":[{"href":"https:\/\/estudiosilviacaputo.com\/index.php\/wp-json\/wp\/v2\/pages\/27"}],"collection":[{"href":"https:\/\/estudiosilviacaputo.com\/index.php\/wp-json\/wp\/v2\/pages"}],"about":[{"href":"https:\/\/estudiosilviacaputo.com\/index.php\/wp-json\/wp\/v2\/types\/page"}],"author":[{"embeddable":true,"href":"https:\/\/estudiosilviacaputo.com\/index.php\/wp-json\/wp\/v2\/users\/1"}],"replies":[{"embeddable":true,"href":"https:\/\/estudiosilviacaputo.com\/index.php\/wp-json\/wp\/v2\/comments?post=27"}],"version-history":[{"count":9,"href":"https:\/\/estudiosilviacaputo.com\/index.php\/wp-json\/wp\/v2\/pages\/27\/revisions"}],"predecessor-version":[{"id":9273,"href":"https:\/\/estudiosilviacaputo.com\/index.php\/wp-json\/wp\/v2\/pages\/27\/revisions\/9273"}],"wp:attachment":[{"href":"https:\/\/estudiosilviacaputo.com\/index.php\/wp-json\/wp\/v2\/media?parent=27"}],"curies":[{"name":"wp","href":"https:\/\/api.w.org\/{rel}","templated":true}]}}